{"id":2,"date":"2025-07-07T15:28:08","date_gmt":"2025-07-07T13:28:08","guid":{"rendered":"http:\/\/www.radomilmacek.cz\/?page_id=2"},"modified":"2025-09-24T16:44:56","modified_gmt":"2025-09-24T14:44:56","slug":"zkusebni-stranka","status":"publish","type":"page","link":"https:\/\/www.radomilmacek.cz\/?page_id=2","title":{"rendered":"\u00daDR\u017dBY POROST\u016e"},"content":{"rendered":"\n<p><strong>Komplexn\u00ed p\u00e9\u010de o zele\u0148 s vyu\u017eit\u00edm nejmodern\u011bj\u0161\u00edch technologi\u00ed<\/strong><\/p>\n\n\n\n<p>Specializujeme se na profesion\u00e1ln\u00ed \u00fadr\u017ebu ve\u0159ejn\u00e9 zelen\u011b s d\u016frazem na kvalitu a flexibilitu na\u0161ich slu\u017eeb. Na\u0161e bohat\u00e9 zku\u0161enosti v oboru n\u00e1m umo\u017e\u0148uj\u00ed nab\u00eddnout individu\u00e1ln\u00ed \u0159e\u0161en\u00ed pro ka\u017ed\u00fd typ ter\u00e9nu \u2013 od rozs\u00e1hl\u00fdch travnat\u00fdch ploch a\u017e po n\u00e1ro\u010dn\u00e9 \u010dlenit\u00e9 oblasti, kter\u00e9 vy\u017eaduj\u00ed specializovan\u00fd p\u0159\u00edstup.<\/p>\n\n\n\n<h2 class=\"wp-block-heading\">Na\u0161e technologie a vybaven\u00ed<\/h2>\n\n\n\n<p>Vyu\u017e\u00edv\u00e1me pokro\u010dilou kombinaci technologi\u00ed, kter\u00e1 n\u00e1m umo\u017e\u0148uje efektivn\u011b zvl\u00e1dnout i ty nejn\u00e1ro\u010dn\u011bj\u0161\u00ed \u00fakoly:<\/p>\n\n\n\n<ul class=\"wp-block-list\">\n<li><strong>Robotick\u00e1 seka\u010dka Agria<\/strong> \u2013 na\u0161e \u0161pi\u010dkov\u00e1 technologie, kter\u00e1 zvl\u00e1dne i to, co b\u011b\u017en\u00e1 technika nezvl\u00e1dne. <em>Jej\u00ed po\u0159\u00edzen\u00ed byl realizov\u00e1no prost\u0159ednictv\u00edm M\u00edstn\u00ed ak\u010dn\u00ed skupiny (MAS) Varnsdorf a St\u00e1tn\u00edho zem\u011bd\u011blsk\u00e9ho interven\u010dn\u00edho fondu (SZIF) v r\u00e1mci Programu rozvoje venkova 52.77 LEADER \u2013 v\u00fdzva 001.<\/em><\/li>\n\n\n\n<li><strong>Ru\u010dn\u011b veden\u00e9 k\u0159ovino\u0159ezy<\/strong> pro precizn\u00ed pr\u00e1ci v obt\u00ed\u017en\u011b dostupn\u00fdch m\u00edstech.<\/li>\n\n\n\n<li><strong>V\u00fdkonn\u00e9 mul\u010dova\u010de<\/strong> pro \u00fadr\u017ebu v\u011bt\u0161\u00edch ploch a zpracov\u00e1n\u00ed organick\u00e9ho materi\u00e1lu.<\/li>\n<\/ul>\n\n\n\n<p>D\u00edky t\u00e9to kombinaci modern\u00edch n\u00e1stroj\u016f a zku\u0161en\u00e9ho t\u00fdmu dok\u00e1\u017eeme zajistit komplexn\u00ed \u00fadr\u017ebu zelen\u011b na nejvy\u0161\u0161\u00ed \u00farovni, p\u0159izp\u016fsobenou specifick\u00fdm pot\u0159eb\u00e1m ka\u017ed\u00e9ho projektu.<\/p>\n\n\n\n<hr class=\"wp-block-separator has-alpha-channel-opacity\"\/>\n\n\n\n<p><em>Kontaktujte n\u00e1s pro nez\u00e1vaznou konzultaci a cenovou nab\u00eddku p\u0159izp\u016fsobenou va\u0161im po\u017eadavk\u016fm na e-mailovou adresu: ramack@seznam.cz.<\/em><\/p>\n\n\n\n<div class=\"wp-block-superb-addons-cover-image\"><div class=\"superbaddons-coverimage-block\" style=\"border-radius:0%;min-height:400px;background-image:url(https:\/\/www.radomilmacek.cz\/wp-content\/uploads\/2025\/07\/c1f1494e-ea9c-43ec-aa39-ca8001bab68b.jpeg);background-position:50% 50%;background-size:cover;background-repeat:no-repeat\"><\/div><\/div>\n\n\n\n<p><\/p>\n","protected":false},"excerpt":{"rendered":"<p>Komplexn\u00ed p\u00e9\u010de o zele\u0148 s vyu\u017eit\u00edm nejmodern\u011bj\u0161\u00edch technologi\u00ed Specializujeme se na profesion\u00e1ln\u00ed \u00fadr\u017ebu ve\u0159ejn\u00e9 zelen\u011b s d\u016frazem na kvalitu a flexibilitu na\u0161ich slu\u017eeb. Na\u0161e bohat\u00e9 zku\u0161enosti v oboru n\u00e1m umo\u017e\u0148uj\u00ed nab\u00eddnout individu\u00e1ln\u00ed \u0159e\u0161en\u00ed pro ka\u017ed\u00fd typ ter\u00e9nu \u2013 od rozs\u00e1hl\u00fdch travnat\u00fdch ploch a\u017e po n\u00e1ro\u010dn\u00e9 \u010dlenit\u00e9 oblasti, kter\u00e9 vy\u017eaduj\u00ed specializovan\u00fd p\u0159\u00edstup. Na\u0161e technologie a vybaven\u00ed [&hellip;]<\/p>\n","protected":false},"author":1,"featured_media":0,"parent":0,"menu_order":0,"comment_status":"closed","ping_status":"open","template":"","meta":{"footnotes":""},"class_list":["post-2","page","type-page","status-publish","hentry"],"_links":{"self":[{"href":"https:\/\/www.radomilmacek.cz\/index.php?rest_route=\/wp\/v2\/pages\/2","targetHints":{"allow":["GET"]}}],"collection":[{"href":"https:\/\/www.radomilmacek.cz\/index.php?rest_route=\/wp\/v2\/pages"}],"about":[{"href":"https:\/\/www.radomilmacek.cz\/index.php?rest_route=\/wp\/v2\/types\/page"}],"author":[{"embeddable":true,"href":"https:\/\/www.radomilmacek.cz\/index.php?rest_route=\/wp\/v2\/users\/1"}],"replies":[{"embeddable":true,"href":"https:\/\/www.radomilmacek.cz\/index.php?rest_route=%2Fwp%2Fv2%2Fcomments&post=2"}],"version-history":[{"count":8,"href":"https:\/\/www.radomilmacek.cz\/index.php?rest_route=\/wp\/v2\/pages\/2\/revisions"}],"predecessor-version":[{"id":143,"href":"https:\/\/www.radomilmacek.cz\/index.php?rest_route=\/wp\/v2\/pages\/2\/revisions\/143"}],"wp:attachment":[{"href":"https:\/\/www.radomilmacek.cz\/index.php?rest_route=%2Fwp%2Fv2%2Fmedia&parent=2"}],"curies":[{"name":"wp","href":"https:\/\/api.w.org\/{rel}","templated":true}]}}