{"id":82,"date":"2025-07-09T17:31:38","date_gmt":"2025-07-09T15:31:38","guid":{"rendered":"https:\/\/www.radomilmacek.cz\/?page_id=82"},"modified":"2025-12-11T13:01:24","modified_gmt":"2025-12-11T12:01:24","slug":"chov-ryb-2","status":"publish","type":"page","link":"https:\/\/www.radomilmacek.cz\/?page_id=82","title":{"rendered":"CHOV RYB"},"content":{"rendered":"\n<h1 class=\"wp-block-heading\"><a href=\"https:\/\/www.radomilmacek.cz\/?p=130\">V\u00edtejte v na\u0161em sv\u011bt\u011b ryb \u2013 kr\u00e9dem na\u0161eho chovu je kvalita, udr\u017eitelnost a zdrav\u00ed<\/a><\/h1>\n\n\n\n<p><a href=\"https:\/\/www.radomilmacek.cz\/?p=130#respond\">Napsat koment\u00e1\u0159<\/a><\/p>\n\n\n\n<p>N\u00e1\u0161 chov se specializuje na chov&nbsp;<strong>kapr\u016f, pstruh\u016f, cand\u00e1t\u016f a \u0161tik<\/strong>. Tyto druhy jsme si nevybrali n\u00e1hodou \u2013 ka\u017ed\u00fd z nich m\u00e1 sv\u00e9 jedine\u010dn\u00e9 vlastnosti, chu\u0165 a m\u00edsto v \u010desk\u00e9 kuchyni i v p\u0159\u00edrodn\u00edm ekosyst\u00e9mu. Dlouhodob\u011b se v\u011bnujeme tomu, abychom ryby chovali \u0161etrn\u011b, s ohledem na p\u0159\u00edrodu, vodn\u00ed prost\u0159ed\u00ed i zdrav\u00ed konzument\u016f.<\/p>\n\n\n\n<h4 class=\"wp-block-heading\">Udr\u017eiteln\u00fd chov = kvalitn\u00ed ryby<\/h4>\n\n\n\n<p>Na\u0161e chovn\u00e9 metody jsou postaveny na&nbsp;<strong>udr\u017eiteln\u00fdch postupech<\/strong>, kter\u00e9 minimalizuj\u00ed dopad na \u017eivotn\u00ed prost\u0159ed\u00ed a z\u00e1rove\u0148 podporuj\u00ed p\u0159irozen\u00fd r\u016fst a vitalitu ryb. D\u00edky pe\u010dliv\u011b zvolen\u00e9mu krmen\u00ed a vhodn\u00fdm podm\u00ednk\u00e1m dosahujeme toho, \u017ee na\u0161e ryby maj\u00ed&nbsp;<strong>vysok\u00fd obsah omega-3 a omega-6 mastn\u00fdch kyselin<\/strong>, kter\u00e9 jsou d\u016fle\u017eit\u00e9 pro zdrav\u00ed srdce, mozku i imunitn\u00edho syst\u00e9mu.<\/p>\n\n\n\n<h4 class=\"wp-block-heading\">Ocen\u011bn\u00ed kvality<\/h4>\n\n\n\n<p>V roce&nbsp;<strong>2024<\/strong>&nbsp;byla na\u0161e pr\u00e1ce ocen\u011bna nejen z\u00e1kazn\u00edky, ale i odborn\u00edky.&nbsp;<strong>Na\u0161i kap\u0159i a pstruzi z\u00edskali zna\u010dku \u201eRegion\u00e1ln\u00ed produkt\u201c od M\u00edstn\u00ed ak\u010dn\u00ed skupiny MAS \u010cesk\u00fd sever<\/strong>, kter\u00e1 zaru\u010duje m\u00edstn\u00ed p\u016fvod, \u0161etrn\u00fd p\u0159\u00edstup a vysokou kvalitu. Nav\u00edc jsme obdr\u017eeli&nbsp;<strong>mimo\u0159\u00e1dn\u00e9 ocen\u011bn\u00ed za kvalitu od prezidentky Hospod\u00e1\u0159sk\u00e9 komory \u010cesk\u00e9 republiky<\/strong>&nbsp;\u2013 co\u017e je pro n\u00e1s potvrzen\u00edm, \u017ee na\u0161e \u00fasil\u00ed o poctiv\u00fd chov m\u00e1 skute\u010dn\u00fd smysl.<\/p>\n\n\n\n<figure class=\"wp-block-gallery has-nested-images columns-default is-cropped wp-block-gallery-1 is-layout-flex wp-block-gallery-is-layout-flex\">\n<figure class=\"wp-block-image size-large\"><img loading=\"lazy\" decoding=\"async\" width=\"1024\" height=\"390\" data-id=\"149\" src=\"https:\/\/www.radomilmacek.cz\/wp-content\/uploads\/2025\/12\/image-1024x390.png\" alt=\"\" class=\"wp-image-149\" srcset=\"https:\/\/www.radomilmacek.cz\/wp-content\/uploads\/2025\/12\/image-1024x390.png 1024w, https:\/\/www.radomilmacek.cz\/wp-content\/uploads\/2025\/12\/image-300x114.png 300w, https:\/\/www.radomilmacek.cz\/wp-content\/uploads\/2025\/12\/image-768x293.png 768w, https:\/\/www.radomilmacek.cz\/wp-content\/uploads\/2025\/12\/image-1536x586.png 1536w, https:\/\/www.radomilmacek.cz\/wp-content\/uploads\/2025\/12\/image-624x238.png 624w, https:\/\/www.radomilmacek.cz\/wp-content\/uploads\/2025\/12\/image.png 1600w\" sizes=\"auto, (max-width: 1024px) 100vw, 1024px\" \/><\/figure>\n\n\n\n<figure class=\"wp-block-image size-large\"><img loading=\"lazy\" decoding=\"async\" width=\"1024\" height=\"626\" data-id=\"53\" src=\"https:\/\/www.radomilmacek.cz\/wp-content\/uploads\/2025\/07\/cropped-ROS_0579-scaled-1-1024x626.jpg\" alt=\"\" class=\"wp-image-53\" srcset=\"https:\/\/www.radomilmacek.cz\/wp-content\/uploads\/2025\/07\/cropped-ROS_0579-scaled-1-1024x626.jpg 1024w, https:\/\/www.radomilmacek.cz\/wp-content\/uploads\/2025\/07\/cropped-ROS_0579-scaled-1-300x183.jpg 300w, https:\/\/www.radomilmacek.cz\/wp-content\/uploads\/2025\/07\/cropped-ROS_0579-scaled-1-768x469.jpg 768w, https:\/\/www.radomilmacek.cz\/wp-content\/uploads\/2025\/07\/cropped-ROS_0579-scaled-1-1536x938.jpg 1536w, https:\/\/www.radomilmacek.cz\/wp-content\/uploads\/2025\/07\/cropped-ROS_0579-scaled-1-624x381.jpg 624w, https:\/\/www.radomilmacek.cz\/wp-content\/uploads\/2025\/07\/cropped-ROS_0579-scaled-1.jpg 2000w\" sizes=\"auto, (max-width: 1024px) 100vw, 1024px\" \/><figcaption class=\"wp-element-caption\">Kapr<\/figcaption><\/figure>\n\n\n\n<figure class=\"wp-block-image size-large\"><img loading=\"lazy\" decoding=\"async\" width=\"1024\" height=\"682\" data-id=\"153\" src=\"https:\/\/www.radomilmacek.cz\/wp-content\/uploads\/2025\/12\/image-2-1024x682.png\" alt=\"\" class=\"wp-image-153\" srcset=\"https:\/\/www.radomilmacek.cz\/wp-content\/uploads\/2025\/12\/image-2-1024x682.png 1024w, https:\/\/www.radomilmacek.cz\/wp-content\/uploads\/2025\/12\/image-2-300x200.png 300w, https:\/\/www.radomilmacek.cz\/wp-content\/uploads\/2025\/12\/image-2-768x512.png 768w, https:\/\/www.radomilmacek.cz\/wp-content\/uploads\/2025\/12\/image-2-1536x1023.png 1536w, https:\/\/www.radomilmacek.cz\/wp-content\/uploads\/2025\/12\/image-2-624x416.png 624w, https:\/\/www.radomilmacek.cz\/wp-content\/uploads\/2025\/12\/image-2.png 1600w\" sizes=\"auto, (max-width: 1024px) 100vw, 1024px\" \/><\/figure>\n\n\n\n<figure class=\"wp-block-image size-large\"><img loading=\"lazy\" decoding=\"async\" width=\"1024\" height=\"682\" data-id=\"154\" src=\"https:\/\/www.radomilmacek.cz\/wp-content\/uploads\/2025\/12\/image-3-1024x682.png\" alt=\"\" class=\"wp-image-154\" srcset=\"https:\/\/www.radomilmacek.cz\/wp-content\/uploads\/2025\/12\/image-3-1024x682.png 1024w, https:\/\/www.radomilmacek.cz\/wp-content\/uploads\/2025\/12\/image-3-300x200.png 300w, https:\/\/www.radomilmacek.cz\/wp-content\/uploads\/2025\/12\/image-3-768x512.png 768w, https:\/\/www.radomilmacek.cz\/wp-content\/uploads\/2025\/12\/image-3-1536x1023.png 1536w, https:\/\/www.radomilmacek.cz\/wp-content\/uploads\/2025\/12\/image-3-624x416.png 624w, https:\/\/www.radomilmacek.cz\/wp-content\/uploads\/2025\/12\/image-3.png 1600w\" sizes=\"auto, (max-width: 1024px) 100vw, 1024px\" \/><\/figure>\n\n\n\n<figure class=\"wp-block-image size-large\"><img loading=\"lazy\" decoding=\"async\" width=\"1024\" height=\"576\" data-id=\"150\" src=\"https:\/\/www.radomilmacek.cz\/wp-content\/uploads\/2025\/12\/image-1-1024x576.png\" alt=\"\" class=\"wp-image-150\" srcset=\"https:\/\/www.radomilmacek.cz\/wp-content\/uploads\/2025\/12\/image-1-1024x576.png 1024w, https:\/\/www.radomilmacek.cz\/wp-content\/uploads\/2025\/12\/image-1-300x169.png 300w, https:\/\/www.radomilmacek.cz\/wp-content\/uploads\/2025\/12\/image-1-768x432.png 768w, https:\/\/www.radomilmacek.cz\/wp-content\/uploads\/2025\/12\/image-1-624x351.png 624w, https:\/\/www.radomilmacek.cz\/wp-content\/uploads\/2025\/12\/image-1.png 1280w\" sizes=\"auto, (max-width: 1024px) 100vw, 1024px\" \/><\/figure>\n\n\n\n<figure class=\"wp-block-image size-large\"><img loading=\"lazy\" decoding=\"async\" width=\"1024\" height=\"682\" data-id=\"156\" src=\"https:\/\/www.radomilmacek.cz\/wp-content\/uploads\/2025\/12\/image-5-1024x682.png\" alt=\"\" class=\"wp-image-156\" srcset=\"https:\/\/www.radomilmacek.cz\/wp-content\/uploads\/2025\/12\/image-5-1024x682.png 1024w, https:\/\/www.radomilmacek.cz\/wp-content\/uploads\/2025\/12\/image-5-300x200.png 300w, https:\/\/www.radomilmacek.cz\/wp-content\/uploads\/2025\/12\/image-5-768x512.png 768w, https:\/\/www.radomilmacek.cz\/wp-content\/uploads\/2025\/12\/image-5-1536x1023.png 1536w, https:\/\/www.radomilmacek.cz\/wp-content\/uploads\/2025\/12\/image-5-624x416.png 624w, https:\/\/www.radomilmacek.cz\/wp-content\/uploads\/2025\/12\/image-5.png 1600w\" sizes=\"auto, (max-width: 1024px) 100vw, 1024px\" \/><\/figure>\n\n\n\n<figure class=\"wp-block-image size-large\"><img loading=\"lazy\" decoding=\"async\" width=\"768\" height=\"1024\" data-id=\"155\" src=\"https:\/\/www.radomilmacek.cz\/wp-content\/uploads\/2025\/12\/image-4-768x1024.png\" alt=\"\" class=\"wp-image-155\" srcset=\"https:\/\/www.radomilmacek.cz\/wp-content\/uploads\/2025\/12\/image-4-768x1024.png 768w, https:\/\/www.radomilmacek.cz\/wp-content\/uploads\/2025\/12\/image-4-225x300.png 225w, https:\/\/www.radomilmacek.cz\/wp-content\/uploads\/2025\/12\/image-4-1152x1536.png 1152w, https:\/\/www.radomilmacek.cz\/wp-content\/uploads\/2025\/12\/image-4-624x832.png 624w, https:\/\/www.radomilmacek.cz\/wp-content\/uploads\/2025\/12\/image-4.png 1536w\" sizes=\"auto, (max-width: 768px) 100vw, 768px\" \/><\/figure>\n\n\n\n<figure class=\"wp-block-image size-large\"><img loading=\"lazy\" decoding=\"async\" width=\"1024\" height=\"682\" data-id=\"132\" src=\"https:\/\/www.radomilmacek.cz\/wp-content\/uploads\/2025\/07\/DSC_7291-1024x682.jpg\" alt=\"\" class=\"wp-image-132\" srcset=\"https:\/\/www.radomilmacek.cz\/wp-content\/uploads\/2025\/07\/DSC_7291-1024x682.jpg 1024w, https:\/\/www.radomilmacek.cz\/wp-content\/uploads\/2025\/07\/DSC_7291-300x200.jpg 300w, https:\/\/www.radomilmacek.cz\/wp-content\/uploads\/2025\/07\/DSC_7291-768x511.jpg 768w, https:\/\/www.radomilmacek.cz\/wp-content\/uploads\/2025\/07\/DSC_7291-1536x1022.jpg 1536w, https:\/\/www.radomilmacek.cz\/wp-content\/uploads\/2025\/07\/DSC_7291-624x415.jpg 624w, https:\/\/www.radomilmacek.cz\/wp-content\/uploads\/2025\/07\/DSC_7291.jpg 2048w\" sizes=\"auto, (max-width: 1024px) 100vw, 1024px\" \/><figcaption class=\"wp-element-caption\">\u0160tika<\/figcaption><\/figure>\n\n\n\n<figure class=\"wp-block-image size-large\"><img loading=\"lazy\" decoding=\"async\" width=\"1024\" height=\"682\" data-id=\"131\" src=\"https:\/\/www.radomilmacek.cz\/wp-content\/uploads\/2025\/07\/DSC_7280-1-1024x682.jpg\" alt=\"\" class=\"wp-image-131\" srcset=\"https:\/\/www.radomilmacek.cz\/wp-content\/uploads\/2025\/07\/DSC_7280-1-1024x682.jpg 1024w, https:\/\/www.radomilmacek.cz\/wp-content\/uploads\/2025\/07\/DSC_7280-1-300x200.jpg 300w, https:\/\/www.radomilmacek.cz\/wp-content\/uploads\/2025\/07\/DSC_7280-1-768x511.jpg 768w, https:\/\/www.radomilmacek.cz\/wp-content\/uploads\/2025\/07\/DSC_7280-1-1536x1022.jpg 1536w, https:\/\/www.radomilmacek.cz\/wp-content\/uploads\/2025\/07\/DSC_7280-1-624x415.jpg 624w, https:\/\/www.radomilmacek.cz\/wp-content\/uploads\/2025\/07\/DSC_7280-1.jpg 2048w\" sizes=\"auto, (max-width: 1024px) 100vw, 1024px\" \/><figcaption class=\"wp-element-caption\">Rak &#8211; ten se po v\u00fdlovu v\u017edy vrac\u00ed zp\u011bt do rybn\u00edka<\/figcaption><\/figure>\n\n\n\n<figure class=\"wp-block-image size-large\"><img loading=\"lazy\" decoding=\"async\" width=\"1024\" height=\"683\" data-id=\"123\" src=\"https:\/\/www.radomilmacek.cz\/wp-content\/uploads\/2025\/07\/ROS_0390-1-1024x683.jpg\" alt=\"\" class=\"wp-image-123\" srcset=\"https:\/\/www.radomilmacek.cz\/wp-content\/uploads\/2025\/07\/ROS_0390-1-1024x683.jpg 1024w, https:\/\/www.radomilmacek.cz\/wp-content\/uploads\/2025\/07\/ROS_0390-1-300x200.jpg 300w, https:\/\/www.radomilmacek.cz\/wp-content\/uploads\/2025\/07\/ROS_0390-1-768x512.jpg 768w, https:\/\/www.radomilmacek.cz\/wp-content\/uploads\/2025\/07\/ROS_0390-1-1536x1024.jpg 1536w, https:\/\/www.radomilmacek.cz\/wp-content\/uploads\/2025\/07\/ROS_0390-1-2048x1366.jpg 2048w, https:\/\/www.radomilmacek.cz\/wp-content\/uploads\/2025\/07\/ROS_0390-1-624x416.jpg 624w\" sizes=\"auto, (max-width: 1024px) 100vw, 1024px\" \/><\/figure>\n\n\n\n<figure class=\"wp-block-image size-large\"><img loading=\"lazy\" decoding=\"async\" width=\"1024\" height=\"682\" data-id=\"38\" src=\"https:\/\/www.radomilmacek.cz\/wp-content\/uploads\/2025\/07\/DSC_7365-1024x682.jpg\" alt=\"\" class=\"wp-image-38\" srcset=\"https:\/\/www.radomilmacek.cz\/wp-content\/uploads\/2025\/07\/DSC_7365-1024x682.jpg 1024w, https:\/\/www.radomilmacek.cz\/wp-content\/uploads\/2025\/07\/DSC_7365-300x200.jpg 300w, https:\/\/www.radomilmacek.cz\/wp-content\/uploads\/2025\/07\/DSC_7365-768x511.jpg 768w, https:\/\/www.radomilmacek.cz\/wp-content\/uploads\/2025\/07\/DSC_7365-1536x1022.jpg 1536w, https:\/\/www.radomilmacek.cz\/wp-content\/uploads\/2025\/07\/DSC_7365-624x415.jpg 624w, https:\/\/www.radomilmacek.cz\/wp-content\/uploads\/2025\/07\/DSC_7365.jpg 2048w\" sizes=\"auto, (max-width: 1024px) 100vw, 1024px\" \/><\/figure>\n\n\n\n<figure class=\"wp-block-image size-large\"><img loading=\"lazy\" decoding=\"async\" width=\"1024\" height=\"682\" data-id=\"33\" src=\"https:\/\/www.radomilmacek.cz\/wp-content\/uploads\/2025\/07\/DSC_6724-1024x682.jpg\" alt=\"\" class=\"wp-image-33\" srcset=\"https:\/\/www.radomilmacek.cz\/wp-content\/uploads\/2025\/07\/DSC_6724-1024x682.jpg 1024w, https:\/\/www.radomilmacek.cz\/wp-content\/uploads\/2025\/07\/DSC_6724-300x200.jpg 300w, https:\/\/www.radomilmacek.cz\/wp-content\/uploads\/2025\/07\/DSC_6724-768x511.jpg 768w, https:\/\/www.radomilmacek.cz\/wp-content\/uploads\/2025\/07\/DSC_6724-1536x1022.jpg 1536w, https:\/\/www.radomilmacek.cz\/wp-content\/uploads\/2025\/07\/DSC_6724-624x415.jpg 624w, https:\/\/www.radomilmacek.cz\/wp-content\/uploads\/2025\/07\/DSC_6724.jpg 2048w\" sizes=\"auto, (max-width: 1024px) 100vw, 1024px\" \/><\/figure>\n\n\n\n<figure class=\"wp-block-image size-large\"><img loading=\"lazy\" decoding=\"async\" width=\"1024\" height=\"682\" data-id=\"36\" src=\"https:\/\/www.radomilmacek.cz\/wp-content\/uploads\/2025\/07\/DSC_7232-1024x682.jpg\" alt=\"\" class=\"wp-image-36\" srcset=\"https:\/\/www.radomilmacek.cz\/wp-content\/uploads\/2025\/07\/DSC_7232-1024x682.jpg 1024w, https:\/\/www.radomilmacek.cz\/wp-content\/uploads\/2025\/07\/DSC_7232-300x200.jpg 300w, https:\/\/www.radomilmacek.cz\/wp-content\/uploads\/2025\/07\/DSC_7232-768x511.jpg 768w, https:\/\/www.radomilmacek.cz\/wp-content\/uploads\/2025\/07\/DSC_7232-1536x1022.jpg 1536w, https:\/\/www.radomilmacek.cz\/wp-content\/uploads\/2025\/07\/DSC_7232-624x415.jpg 624w, https:\/\/www.radomilmacek.cz\/wp-content\/uploads\/2025\/07\/DSC_7232.jpg 2048w\" sizes=\"auto, (max-width: 1024px) 100vw, 1024px\" \/><\/figure>\n\n\n\n<figure class=\"wp-block-image size-large\"><img loading=\"lazy\" decoding=\"async\" width=\"1024\" height=\"682\" data-id=\"35\" src=\"https:\/\/www.radomilmacek.cz\/wp-content\/uploads\/2025\/07\/DSC_7210-1024x682.jpg\" alt=\"\" class=\"wp-image-35\" srcset=\"https:\/\/www.radomilmacek.cz\/wp-content\/uploads\/2025\/07\/DSC_7210-1024x682.jpg 1024w, https:\/\/www.radomilmacek.cz\/wp-content\/uploads\/2025\/07\/DSC_7210-300x200.jpg 300w, https:\/\/www.radomilmacek.cz\/wp-content\/uploads\/2025\/07\/DSC_7210-768x511.jpg 768w, https:\/\/www.radomilmacek.cz\/wp-content\/uploads\/2025\/07\/DSC_7210-1536x1022.jpg 1536w, https:\/\/www.radomilmacek.cz\/wp-content\/uploads\/2025\/07\/DSC_7210-624x415.jpg 624w, https:\/\/www.radomilmacek.cz\/wp-content\/uploads\/2025\/07\/DSC_7210.jpg 2048w\" sizes=\"auto, (max-width: 1024px) 100vw, 1024px\" \/><\/figure>\n\n\n\n<figure class=\"wp-block-image size-large\"><img loading=\"lazy\" decoding=\"async\" width=\"1024\" height=\"682\" data-id=\"40\" src=\"https:\/\/www.radomilmacek.cz\/wp-content\/uploads\/2025\/07\/cropped-DSC_6781-1-1024x682.jpg\" alt=\"\" class=\"wp-image-40\" srcset=\"https:\/\/www.radomilmacek.cz\/wp-content\/uploads\/2025\/07\/cropped-DSC_6781-1-1024x682.jpg 1024w, https:\/\/www.radomilmacek.cz\/wp-content\/uploads\/2025\/07\/cropped-DSC_6781-1-300x200.jpg 300w, https:\/\/www.radomilmacek.cz\/wp-content\/uploads\/2025\/07\/cropped-DSC_6781-1-768x511.jpg 768w, https:\/\/www.radomilmacek.cz\/wp-content\/uploads\/2025\/07\/cropped-DSC_6781-1-1536x1023.jpg 1536w, https:\/\/www.radomilmacek.cz\/wp-content\/uploads\/2025\/07\/cropped-DSC_6781-1-624x416.jpg 624w, https:\/\/www.radomilmacek.cz\/wp-content\/uploads\/2025\/07\/cropped-DSC_6781-1.jpg 2000w\" sizes=\"auto, (max-width: 1024px) 100vw, 1024px\" \/><\/figure>\n\n\n\n<figure class=\"wp-block-image size-large\"><img decoding=\"async\" data-id=\"34\" src=\"https:\/\/www.radomilmacek.cz\/wp-content\/uploads\/2025\/07\/DSC_6781-1024x682.jpg\" alt=\"\" class=\"wp-image-34\"\/><\/figure>\n<\/figure>\n\n\n\n<p><\/p>\n","protected":false},"excerpt":{"rendered":"<p>V\u00edtejte v na\u0161em sv\u011bt\u011b ryb \u2013 kr\u00e9dem na\u0161eho chovu je kvalita, udr\u017eitelnost a zdrav\u00ed Napsat koment\u00e1\u0159 N\u00e1\u0161 chov se specializuje na chov&nbsp;kapr\u016f, pstruh\u016f, cand\u00e1t\u016f a \u0161tik. Tyto druhy jsme si nevybrali n\u00e1hodou \u2013 ka\u017ed\u00fd z nich m\u00e1 sv\u00e9 jedine\u010dn\u00e9 vlastnosti, chu\u0165 a m\u00edsto v \u010desk\u00e9 kuchyni i v p\u0159\u00edrodn\u00edm ekosyst\u00e9mu. Dlouhodob\u011b se v\u011bnujeme tomu, abychom [&hellip;]<\/p>\n","protected":false},"author":1,"featured_media":0,"parent":0,"menu_order":0,"comment_status":"closed","ping_status":"closed","template":"","meta":{"footnotes":""},"class_list":["post-82","page","type-page","status-publish","hentry"],"_links":{"self":[{"href":"https:\/\/www.radomilmacek.cz\/index.php?rest_route=\/wp\/v2\/pages\/82","targetHints":{"allow":["GET"]}}],"collection":[{"href":"https:\/\/www.radomilmacek.cz\/index.php?rest_route=\/wp\/v2\/pages"}],"about":[{"href":"https:\/\/www.radomilmacek.cz\/index.php?rest_route=\/wp\/v2\/types\/page"}],"author":[{"embeddable":true,"href":"https:\/\/www.radomilmacek.cz\/index.php?rest_route=\/wp\/v2\/users\/1"}],"replies":[{"embeddable":true,"href":"https:\/\/www.radomilmacek.cz\/index.php?rest_route=%2Fwp%2Fv2%2Fcomments&post=82"}],"version-history":[{"count":8,"href":"https:\/\/www.radomilmacek.cz\/index.php?rest_route=\/wp\/v2\/pages\/82\/revisions"}],"predecessor-version":[{"id":194,"href":"https:\/\/www.radomilmacek.cz\/index.php?rest_route=\/wp\/v2\/pages\/82\/revisions\/194"}],"wp:attachment":[{"href":"https:\/\/www.radomilmacek.cz\/index.php?rest_route=%2Fwp%2Fv2%2Fmedia&parent=82"}],"curies":[{"name":"wp","href":"https:\/\/api.w.org\/{rel}","templated":true}]}}